{"id":227,"date":"2025-03-10T12:20:52","date_gmt":"2025-03-10T11:20:52","guid":{"rendered":"http:\/\/localhost\/wildlifeeco\/?page_id=227"},"modified":"2025-03-10T12:23:39","modified_gmt":"2025-03-10T11:23:39","slug":"blog","status":"publish","type":"page","link":"https:\/\/www.wildlifeeco.com\/index.php\/blog\/","title":{"rendered":"Blog"},"content":{"rendered":"\t\t<div data-elementor-type=\"wp-page\" data-elementor-id=\"227\" class=\"elementor elementor-227\" data-elementor-post-type=\"page\">\n\t\t\t\t<div class=\"elementor-element elementor-element-6a64660 e-flex e-con-boxed e-con e-parent\" data-id=\"6a64660\" data-element_type=\"container\">\n\t\t\t\t\t<div class=\"e-con-inner\">\n\t\t<div class=\"elementor-element elementor-element-f2951e3 e-con-full e-flex e-con e-child\" data-id=\"f2951e3\" data-element_type=\"container\">\n\t\t\t\t<div class=\"elementor-element elementor-element-bf0eceb elementor-widget elementor-widget-king-addons-blog-posts\" data-id=\"bf0eceb\" data-element_type=\"widget\" data-widget_type=\"king-addons-blog-posts.default\">\n\t\t\t\t<div class=\"elementor-widget-container\">\n\t\t\t\t\t        <div class=\"king-addons-blog-posts-items-wrap\">\n            <div class=\"king-addons-blog-posts-items king-addons-blog-posts-items-bf0eceb swiper-container swiper\">\n                <div class=\"swiper-wrapper\">\n                    <div class=\"swiper-slide king-addons-blog-posts-card king-addons-blog-posts-cursor-pointer\"><div class=\"king-addons-blog-posts-card-inner\"><a href=\"https:\/\/www.wildlifeeco.com\/index.php\/2025\/03\/10\/introduccion-a-la-ornitologia-y-los-polinizadores\/\"><div class=\"king-addons-blog-posts-card-container-1\"><div class=\"king-addons-blog-posts-image\"><img decoding=\"async\" src=\"https:\/\/www.wildlifeeco.com\/wp-content\/uploads\/2025\/03\/475012638_1129786818942527_3776242214689647371_n.jpg\" alt=\"Introducci\u00f3n a la ornitolog\u00eda y los polinizadores\"><\/div><\/div><div class=\"king-addons-blog-posts-card-container-2\"><div class=\"king-addons-blog-posts-title\">Introducci\u00f3n a la ornitolog\u00eda y los polinizadores<\/div><div class=\"king-addons-blog-posts-description\">Como tuvo tanto \u00e9xito el curso de Badajoz, repetimos curso GRATUITO en Cabeza del buey!! Hay posibilidad de alojamiento. En las excursiones cogeremos a las avutardas en sus d\u00edas m\u00e1s...<\/div><\/div><\/a><\/div><\/div><div class=\"swiper-slide king-addons-blog-posts-card king-addons-blog-posts-cursor-pointer\"><div class=\"king-addons-blog-posts-card-inner\"><a href=\"https:\/\/www.wildlifeeco.com\/index.php\/2025\/02\/13\/hola-mundo\/\"><div class=\"king-addons-blog-posts-card-container-1\"><div class=\"king-addons-blog-posts-image\"><img decoding=\"async\" src=\"https:\/\/www.wildlifeeco.com\/wp-content\/uploads\/2025\/02\/480262357_10233171049312764_2723304993359513189_n.jpg\" alt=\"Curso de aves y polinizadores en cultivos de secano\"><\/div><\/div><div class=\"king-addons-blog-posts-card-container-2\"><div class=\"king-addons-blog-posts-title\">Curso de aves y polinizadores en cultivos de secano<\/div><div class=\"king-addons-blog-posts-description\">\u00daltimas plazas disponibles!! Curso de aves y polinizadores en cultivos de secano. Si quieres disfrutar de las aves esteparias en uno de los mejores lugares de Extremadura, es tu oportunidad...<\/div><\/div><\/a><\/div><\/div>                <\/div>\n            <\/div>\n            <div class=\"swiper-pagination king-addons-blog-posts-pagination king-addons-blog-posts-pagination-bf0eceb\"><\/div><div class=\"king-addons-blog-posts-nav-prev king-addons-blog-posts-nav-prev-bf0eceb king-addons-blog-posts-nav\"><div class=\"king-addons-blog-posts-nav-inner\"><svg class=\"e-font-icon-svg e-fas-chevron-left\" viewBox=\"0 0 320 512\" xmlns=\"http:\/\/www.w3.org\/2000\/svg\"><path d=\"M34.52 239.03L228.87 44.69c9.37-9.37 24.57-9.37 33.94 0l22.67 22.67c9.36 9.36 9.37 24.52.04 33.9L131.49 256l154.02 154.75c9.34 9.38 9.32 24.54-.04 33.9l-22.67 22.67c-9.37 9.37-24.57 9.37-33.94 0L34.52 272.97c-9.37-9.37-9.37-24.57 0-33.94z\"><\/path><\/svg><\/div><\/div><div class=\"king-addons-blog-posts-nav-next king-addons-blog-posts-nav-next-bf0eceb king-addons-blog-posts-nav\"><div class=\"king-addons-blog-posts-nav-inner\"><svg class=\"e-font-icon-svg e-fas-chevron-right\" viewBox=\"0 0 320 512\" xmlns=\"http:\/\/www.w3.org\/2000\/svg\"><path d=\"M285.476 272.971L91.132 467.314c-9.373 9.373-24.569 9.373-33.941 0l-22.667-22.667c-9.357-9.357-9.375-24.522-.04-33.901L188.505 256 34.484 101.255c-9.335-9.379-9.317-24.544.04-33.901l22.667-22.667c9.373-9.373 24.569-9.373 33.941 0L285.475 239.03c9.373 9.372 9.373 24.568.001 33.941z\"><\/path><\/svg><\/div><\/div>        <\/div>\n        <script type=\"text\/javascript\">\n\/* <![CDATA[ *\/\ndocument.readyState === 'complete' ?new Swiper('.king-addons-blog-posts-items-bf0eceb', {direction: 'horizontal',slidesPerView: 4,spaceBetween: 30,breakpoints: {0: {slidesPerView: 1, spaceBetween: 30}, 768: {slidesPerView: 3, spaceBetween: 30}, 1025: {slidesPerView: 4, spaceBetween: 30}},speed: 600,pagination: {el: '.king-addons-blog-posts-pagination-bf0eceb', clickable: true, type: 'bullets'},navigation: {nextEl: '.king-addons-blog-posts-nav-next-bf0eceb', prevEl: '.king-addons-blog-posts-nav-prev-bf0eceb'},loop: true,rewind: true,}) : window.addEventListener('load', function () {new Swiper('.king-addons-blog-posts-items-bf0eceb', {direction: 'horizontal',slidesPerView: 4,spaceBetween: 30,breakpoints: {0: {slidesPerView: 1, spaceBetween: 30}, 768: {slidesPerView: 3, spaceBetween: 30}, 1025: {slidesPerView: 4, spaceBetween: 30}},speed: 600,pagination: {el: '.king-addons-blog-posts-pagination-bf0eceb', clickable: true, type: 'bullets'},navigation: {nextEl: '.king-addons-blog-posts-nav-next-bf0eceb', prevEl: '.king-addons-blog-posts-nav-prev-bf0eceb'},loop: true,rewind: true,}); });\n\/* ]]> *\/\n<\/script>\n\t\t\t\t<\/div>\n\t\t\t\t<\/div>\n\t\t\t\t<\/div>\n\t\t\t\t\t<\/div>\n\t\t\t\t<\/div>\n\t\t\t\t<\/div>\n\t\t","protected":false},"excerpt":{"rendered":"<p>Introducci\u00f3n a la ornitolog\u00eda y los polinizadoresComo tuvo tanto \u00e9xito el curso de Badajoz, repetimos curso GRATUITO en Cabeza del buey!! Hay posibilidad de alojamiento. En las excursiones cogeremos a las avutardas en sus d\u00edas m\u00e1s&#8230;Curso de aves y polinizadores en cultivos de secano\u00daltimas plazas disponibles!! Curso de aves y polinizadores en cultivos de secano. [&hellip;]<\/p>\n","protected":false},"author":1,"featured_media":0,"parent":0,"menu_order":0,"comment_status":"closed","ping_status":"closed","template":"","meta":{"footnotes":""},"class_list":["post-227","page","type-page","status-publish","hentry"],"_links":{"self":[{"href":"https:\/\/www.wildlifeeco.com\/index.php\/wp-json\/wp\/v2\/pages\/227","targetHints":{"allow":["GET"]}}],"collection":[{"href":"https:\/\/www.wildlifeeco.com\/index.php\/wp-json\/wp\/v2\/pages"}],"about":[{"href":"https:\/\/www.wildlifeeco.com\/index.php\/wp-json\/wp\/v2\/types\/page"}],"author":[{"embeddable":true,"href":"https:\/\/www.wildlifeeco.com\/index.php\/wp-json\/wp\/v2\/users\/1"}],"replies":[{"embeddable":true,"href":"https:\/\/www.wildlifeeco.com\/index.php\/wp-json\/wp\/v2\/comments?post=227"}],"version-history":[{"count":4,"href":"https:\/\/www.wildlifeeco.com\/index.php\/wp-json\/wp\/v2\/pages\/227\/revisions"}],"predecessor-version":[{"id":231,"href":"https:\/\/www.wildlifeeco.com\/index.php\/wp-json\/wp\/v2\/pages\/227\/revisions\/231"}],"wp:attachment":[{"href":"https:\/\/www.wildlifeeco.com\/index.php\/wp-json\/wp\/v2\/media?parent=227"}],"curies":[{"name":"wp","href":"https:\/\/api.w.org\/{rel}","templated":true}]}}